{"id":60,"date":"2020-11-29T23:27:14","date_gmt":"2020-11-29T22:27:14","guid":{"rendered":"http:\/\/www.toptuning.at\/wordpress\/?page_id=60"},"modified":"2022-02-08T14:12:16","modified_gmt":"2022-02-08T13:12:16","slug":"performance","status":"publish","type":"page","link":"https:\/\/www.toptuning.at\/?page_id=60","title":{"rendered":"Performance"},"content":{"rendered":"\t\t<div data-elementor-type=\"wp-page\" data-elementor-id=\"60\" class=\"elementor elementor-60\">\n\t\t\t\t\t\t\t\t\t<section class=\"elementor-section elementor-top-section elementor-element elementor-element-869b45d elementor-section-boxed elementor-section-height-default elementor-section-height-default\" data-id=\"869b45d\" data-element_type=\"section\">\n\t\t\t\t\t\t<div class=\"elementor-container elementor-column-gap-default\">\n\t\t\t\t\t<div class=\"elementor-column elementor-col-100 elementor-top-column elementor-element elementor-element-e4c529a\" data-id=\"e4c529a\" data-element_type=\"column\">\n\t\t\t<div class=\"elementor-widget-wrap elementor-element-populated\">\n\t\t\t\t\t\t\t\t<div class=\"elementor-element elementor-element-88382bd elementor-widget elementor-widget-spacer\" data-id=\"88382bd\" data-element_type=\"widget\" data-widget_type=\"spacer.default\">\n\t\t\t\t<div class=\"elementor-widget-container\">\n\t\t\t\t\t<div class=\"elementor-spacer\">\n\t\t\t<div class=\"elementor-spacer-inner\"><\/div>\n\t\t<\/div>\n\t\t\t\t<\/div>\n\t\t\t\t<\/div>\n\t\t\t\t\t<\/div>\n\t\t<\/div>\n\t\t\t\t\t\t\t<\/div>\n\t\t<\/section>\n\t\t\t\t<section class=\"elementor-section elementor-top-section elementor-element elementor-element-02ae49d elementor-section-boxed elementor-section-height-default elementor-section-height-default\" data-id=\"02ae49d\" data-element_type=\"section\">\n\t\t\t\t\t\t<div class=\"elementor-container elementor-column-gap-default\">\n\t\t\t\t\t<div class=\"elementor-column elementor-col-66 elementor-top-column elementor-element elementor-element-784f4d3\" data-id=\"784f4d3\" data-element_type=\"column\">\n\t\t\t<div class=\"elementor-widget-wrap elementor-element-populated\">\n\t\t\t\t\t\t\t\t<div class=\"elementor-element elementor-element-86ae2d3 elementor-widget elementor-widget-text-editor\" data-id=\"86ae2d3\" data-element_type=\"widget\" data-widget_type=\"text-editor.default\">\n\t\t\t\t<div class=\"elementor-widget-container\">\n\t\t\t\t\t\t\t<p><strong style=\"color: #2c3d4c; font-family: Montserrat, sans-serif; font-size: 16px; background-color: #fcfdfd;\">Performance\u00a0<\/strong><span style=\"color: #2c3d4c; font-family: Montserrat, sans-serif; font-size: 16px; background-color: #fcfdfd;\">beginnt beim<\/span><strong style=\"color: #2c3d4c; font-family: Montserrat, sans-serif; font-size: 16px; background-color: #fcfdfd;\">\u00a0Fahrwerk\u00a0<\/strong><span style=\"color: #2c3d4c; font-family: Montserrat, sans-serif; font-size: 16px; background-color: #fcfdfd;\">und h\u00f6rt beim<\/span><strong style=\"color: #2c3d4c; font-family: Montserrat, sans-serif; font-size: 16px; background-color: #fcfdfd;\">\u00a0Motor\u00a0<\/strong><span style=\"color: #2c3d4c; font-family: Montserrat, sans-serif; font-size: 16px; background-color: #fcfdfd;\">auf<\/span><strong style=\"color: #2c3d4c; font-family: Montserrat, sans-serif; font-size: 16px; background-color: #fcfdfd;\">\u00a0&#8211;\u00a0<\/strong><span style=\"color: #2c3d4c; font-family: Montserrat, sans-serif; font-size: 16px; background-color: #fcfdfd;\">Bei uns erhalten Sie auf Wunsch das volle Programm:<\/span><strong style=\"color: #2c3d4c; font-family: Montserrat, sans-serif; font-size: 16px; background-color: #fcfdfd;\"><br \/><\/strong><br style=\"color: #2c3d4c; font-family: Montserrat, sans-serif; font-size: 16px; background-color: #fcfdfd;\" \/><strong style=\"color: #2c3d4c; font-family: Montserrat, sans-serif; font-size: 16px; background-color: #fcfdfd;\">Gewindefahrwerke, Federn, Luftfahrwerke oder auch Competitionfahrwerke f\u00fcr die Rennstrecke &#8211; um nur einige der Ausf\u00fchrungen zu nennen.<br \/><br \/><\/strong><span style=\"color: #2c3d4c; font-family: Montserrat, sans-serif; font-size: 16px; background-color: #fcfdfd;\">Durch unseren Zugang zum Partner KW Automotive, haben wir die M\u00f6glichkeit fahrwerkstechnisch das Beste aus Ihrem Fahrzeug raus zu holen.<\/span><br style=\"color: #2c3d4c; font-family: Montserrat, sans-serif; font-size: 16px; background-color: #fcfdfd;\" \/><span style=\"color: #2c3d4c; font-family: Montserrat, sans-serif; font-size: 16px; background-color: #fcfdfd;\">Unabh\u00e4ngig davon ob Sie es komfortabel haben wollen oder ob Sie das Ziel haben Ihre Rundenzeit auf der Rennstecke zu verbessern.<\/span><br style=\"color: #2c3d4c; font-family: Montserrat, sans-serif; font-size: 16px; background-color: #fcfdfd;\" \/><span style=\"color: #2c3d4c; font-family: Montserrat, sans-serif; font-size: 16px; background-color: #fcfdfd;\">F\u00fcr die etwas kleinere Geldtasche bieten wir daher auch s\u00e4mtliche Produkte vom KW Tochter-Unternehmen, ST Suspensions an.<\/span><br style=\"color: #2c3d4c; font-family: Montserrat, sans-serif; font-size: 16px; background-color: #fcfdfd;\" \/><span style=\"color: #2c3d4c; font-family: Montserrat, sans-serif; font-size: 16px; background-color: #fcfdfd;\">Wir bieten Ihnen aber auch gerne Fahrwerke von unserem Partner Low-Tec an.<\/span><\/p>\t\t\t\t\t\t<\/div>\n\t\t\t\t<\/div>\n\t\t\t\t\t<\/div>\n\t\t<\/div>\n\t\t\t\t<div class=\"elementor-column elementor-col-33 elementor-top-column elementor-element elementor-element-65771a3\" data-id=\"65771a3\" data-element_type=\"column\">\n\t\t\t<div class=\"elementor-widget-wrap elementor-element-populated\">\n\t\t\t\t\t\t\t\t<div class=\"elementor-element elementor-element-7067252 elementor-widget elementor-widget-image\" data-id=\"7067252\" data-element_type=\"widget\" data-widget_type=\"image.default\">\n\t\t\t\t<div class=\"elementor-widget-container\">\n\t\t\t\t\t\t\t\t\t\t\t\t\t\t\t<img loading=\"lazy\" decoding=\"async\" width=\"704\" height=\"674\" src=\"https:\/\/www.toptuning.at\/wp-content\/uploads\/2022\/02\/248050ade50d39608.jpg\" class=\"attachment-large size-large wp-image-569\" alt=\"\" srcset=\"https:\/\/www.toptuning.at\/wp-content\/uploads\/2022\/02\/248050ade50d39608.jpg 704w, https:\/\/www.toptuning.at\/wp-content\/uploads\/2022\/02\/248050ade50d39608-300x287.jpg 300w, https:\/\/www.toptuning.at\/wp-content\/uploads\/2022\/02\/248050ade50d39608-600x574.jpg 600w\" sizes=\"auto, (max-width: 704px) 100vw, 704px\" \/>\t\t\t\t\t\t\t\t\t\t\t\t\t\t\t<\/div>\n\t\t\t\t<\/div>\n\t\t\t\t\t<\/div>\n\t\t<\/div>\n\t\t\t\t\t\t\t<\/div>\n\t\t<\/section>\n\t\t\t\t<section class=\"elementor-section elementor-top-section elementor-element elementor-element-90a270e elementor-section-boxed elementor-section-height-default elementor-section-height-default\" data-id=\"90a270e\" data-element_type=\"section\">\n\t\t\t\t\t\t<div class=\"elementor-container elementor-column-gap-default\">\n\t\t\t\t\t<div class=\"elementor-column elementor-col-100 elementor-top-column elementor-element elementor-element-b8adfc4\" data-id=\"b8adfc4\" data-element_type=\"column\">\n\t\t\t<div class=\"elementor-widget-wrap elementor-element-populated\">\n\t\t\t\t\t\t\t\t<div class=\"elementor-element elementor-element-0c8e684 elementor-widget elementor-widget-text-editor\" data-id=\"0c8e684\" data-element_type=\"widget\" data-widget_type=\"text-editor.default\">\n\t\t\t\t<div class=\"elementor-widget-container\">\n\t\t\t\t\t\t\t<p><strong style=\"color: #2c3d4c; font-family: Montserrat, sans-serif; font-size: 16px; background-color: #fcfdfd;\">Leistungssteigerungen<br \/>St\u00e4rker, schneller, besser!<br \/><br \/><\/strong><span style=\"color: #2c3d4c; font-family: Montserrat, sans-serif; font-size: 16px; background-color: #fcfdfd;\">Von Software \u00fcber den Kompressor bis hin zum Turboumbau (Turbosmart-Produkte) bieten wir Motortuning auf h\u00f6chstem Niveau.<\/span><br style=\"color: #2c3d4c; font-family: Montserrat, sans-serif; font-size: 16px; background-color: #fcfdfd;\" \/><span style=\"color: #2c3d4c; font-family: Montserrat, sans-serif; font-size: 16px; background-color: #fcfdfd;\">Auch die Kupplung darf bei solchen Umbauten nicht zu kurz kommen &#8211; daher sind wir \u00d6sterreich-weit spezialisiert, Kupplungen auf h\u00f6chstem Niveau vom Hersteller\u00a0<\/span><strong style=\"color: #2c3d4c; font-family: Montserrat, sans-serif; font-size: 16px; background-color: #fcfdfd;\">XTREME Clutch\u00a0<\/strong><span style=\"color: #2c3d4c; font-family: Montserrat, sans-serif; font-size: 16px; background-color: #fcfdfd;\">anzubieten (Drehmomentbereiche von 500 bis \u00fcber 4000 Newton k\u00f6nnen wir anbieten) &#8211; ob ein-scheiben, zwei-scheiben, Kupplungs-Automat in organisch, sinter oder Carbon-Belag mit gefederter oder starrer Kupplungsscheibe als Kit mit Schwungscheibe oder ohne Schwungscheibe &#8211; es sind alle W\u00fcnsche abgedeckt.<\/span><br style=\"color: #2c3d4c; font-family: Montserrat, sans-serif; font-size: 16px; background-color: #fcfdfd;\" \/><br style=\"color: #2c3d4c; font-family: Montserrat, sans-serif; font-size: 16px; background-color: #fcfdfd;\" \/><span style=\"color: #2c3d4c; font-family: Montserrat, sans-serif; font-size: 16px; background-color: #fcfdfd;\">Im Bereich Ladeluftk\u00fchler sowie zum Teil auch Wasserk\u00fchler, bieten wir ein breites Programm von\u00a0<\/span><strong style=\"color: #2c3d4c; font-family: Montserrat, sans-serif; font-size: 16px; background-color: #fcfdfd;\">Pro Alloy<\/strong><span style=\"color: #2c3d4c; font-family: Montserrat, sans-serif; font-size: 16px; background-color: #fcfdfd;\">\u00a0an.<\/span><br style=\"color: #2c3d4c; font-family: Montserrat, sans-serif; font-size: 16px; background-color: #fcfdfd;\" \/><strong style=\"color: #2c3d4c; font-family: Montserrat, sans-serif; font-size: 16px; background-color: #fcfdfd;\">Ladeluftschl\u00e4uche<\/strong><span style=\"color: #2c3d4c; font-family: Montserrat, sans-serif; font-size: 16px; background-color: #fcfdfd;\">\u00a0d\u00fcrfen hier nat\u00fcrlich auch nicht fehlen &#8211; diese bieten wir von Samco oder SF Horses an.<\/span><br style=\"color: #2c3d4c; font-family: Montserrat, sans-serif; font-size: 16px; background-color: #fcfdfd;\" \/><br style=\"color: #2c3d4c; font-family: Montserrat, sans-serif; font-size: 16px; background-color: #fcfdfd;\" \/><span style=\"color: #2c3d4c; font-family: Montserrat, sans-serif; font-size: 16px; background-color: #fcfdfd;\">Doch nicht nur die Leistung, sondern auch der\u00a0<\/span><strong style=\"color: #2c3d4c; font-family: Montserrat, sans-serif; font-size: 16px; background-color: #fcfdfd;\">Sound<\/strong><span style=\"color: #2c3d4c; font-family: Montserrat, sans-serif; font-size: 16px; background-color: #fcfdfd;\">\u00a0muss stimmen!<\/span><br style=\"color: #2c3d4c; font-family: Montserrat, sans-serif; font-size: 16px; background-color: #fcfdfd;\" \/><span style=\"color: #2c3d4c; font-family: Montserrat, sans-serif; font-size: 16px; background-color: #fcfdfd;\">Bei unserer breiten Auswahl an Sport- und Klappenauspuffanlagen garantieren wir Fahrspass pur von folgenden Herstellern:<\/span><br style=\"color: #2c3d4c; font-family: Montserrat, sans-serif; font-size: 16px; background-color: #fcfdfd;\" \/><br style=\"color: #2c3d4c; font-family: Montserrat, sans-serif; font-size: 16px; background-color: #fcfdfd;\" \/><strong style=\"color: #2c3d4c; font-family: Montserrat, sans-serif; font-size: 16px; background-color: #fcfdfd;\">Remus, HG Motorsport (Bull-X)<\/strong><br style=\"color: #2c3d4c; font-family: Montserrat, sans-serif; font-size: 16px; background-color: #fcfdfd;\" \/><br style=\"color: #2c3d4c; font-family: Montserrat, sans-serif; font-size: 16px; background-color: #fcfdfd;\" \/><strong style=\"color: #2c3d4c; font-family: Montserrat, sans-serif; font-size: 16px; background-color: #fcfdfd;\">Reifen &amp; R\u00e4der<br \/><br \/><\/strong><span style=\"color: #2c3d4c; font-family: Montserrat, sans-serif; font-size: 16px; background-color: #fcfdfd;\">TopTuning bietet Ihnen topaktuelle, hochqualitative Felgen der renommiertesten Hersteller sowie Reifengrosshandelskonditionen von &#8222;TOP&#8220; Marken an!<\/span><\/p>\t\t\t\t\t\t<\/div>\n\t\t\t\t<\/div>\n\t\t\t\t\t<\/div>\n\t\t<\/div>\n\t\t\t\t\t\t\t<\/div>\n\t\t<\/section>\n\t\t\t\t\t\t\t<\/div>\n\t\t","protected":false},"excerpt":{"rendered":"<p>Performance\u00a0beginnt beim\u00a0Fahrwerk\u00a0und h\u00f6rt beim\u00a0Motor\u00a0auf\u00a0&#8211;\u00a0Bei uns erhalten Sie auf Wunsch das volle Programm:Gewindefahrwerke, Federn, Luftfahrwerke oder auch Competitionfahrwerke f\u00fcr die Rennstrecke &#8211; um nur einige der Ausf\u00fchrungen zu nennen. Durch unseren Zugang zum Partner KW Automotive, haben wir die M\u00f6glichkeit fahrwerkstechnisch das Beste aus Ihrem Fahrzeug raus zu holen.Unabh\u00e4ngig davon ob [&hellip;]<\/p>\n","protected":false},"author":2,"featured_media":0,"parent":0,"menu_order":0,"comment_status":"closed","ping_status":"closed","template":"page-templates\/template-fullwidth.php","meta":{"footnotes":""},"class_list":["post-60","page","type-page","status-publish","hentry"],"yoast_head":"<!-- This site is optimized with the Yoast SEO plugin v24.3 - https:\/\/yoast.com\/wordpress\/plugins\/seo\/ -->\n<title>Performance - TopTuning<\/title>\n<meta name=\"robots\" content=\"index, follow, max-snippet:-1, max-image-preview:large, max-video-preview:-1\" \/>\n<link rel=\"canonical\" href=\"https:\/\/www.toptuning.at\/?page_id=60\" \/>\n<meta property=\"og:locale\" content=\"de_DE\" \/>\n<meta property=\"og:type\" content=\"article\" \/>\n<meta property=\"og:title\" content=\"Performance - TopTuning\" \/>\n<meta property=\"og:description\" content=\"Performance\u00a0beginnt beim\u00a0Fahrwerk\u00a0und h\u00f6rt beim\u00a0Motor\u00a0auf\u00a0&#8211;\u00a0Bei uns erhalten Sie auf Wunsch das volle Programm:Gewindefahrwerke, Federn, Luftfahrwerke oder auch Competitionfahrwerke f\u00fcr die Rennstrecke &#8211; um nur einige der Ausf\u00fchrungen zu nennen. Durch unseren Zugang zum Partner KW Automotive, haben wir die M\u00f6glichkeit fahrwerkstechnisch das Beste aus Ihrem Fahrzeug raus zu holen.Unabh\u00e4ngig davon ob [&hellip;]\" \/>\n<meta property=\"og:url\" content=\"https:\/\/www.toptuning.at\/?page_id=60\" \/>\n<meta property=\"og:site_name\" content=\"TopTuning\" \/>\n<meta property=\"article:publisher\" content=\"https:\/\/www.facebook.com\/toptuning1\" \/>\n<meta property=\"article:modified_time\" content=\"2022-02-08T13:12:16+00:00\" \/>\n<meta property=\"og:image\" content=\"http:\/\/www.toptuning.at\/wordpress\/wp-content\/uploads\/2022\/02\/248050ade50d39608.jpg\" \/>\n<meta name=\"twitter:card\" content=\"summary_large_image\" \/>\n<meta name=\"twitter:label1\" content=\"Gesch\u00e4tzte Lesezeit\" \/>\n\t<meta name=\"twitter:data1\" content=\"1\u00a0Minute\" \/>\n<script type=\"application\/ld+json\" class=\"yoast-schema-graph\">{\"@context\":\"https:\/\/schema.org\",\"@graph\":[{\"@type\":\"WebPage\",\"@id\":\"https:\/\/www.toptuning.at\/?page_id=60\",\"url\":\"https:\/\/www.toptuning.at\/?page_id=60\",\"name\":\"Performance - TopTuning\",\"isPartOf\":{\"@id\":\"https:\/\/www.toptuning.at\/#website\"},\"primaryImageOfPage\":{\"@id\":\"https:\/\/www.toptuning.at\/?page_id=60#primaryimage\"},\"image\":{\"@id\":\"https:\/\/www.toptuning.at\/?page_id=60#primaryimage\"},\"thumbnailUrl\":\"http:\/\/www.toptuning.at\/wordpress\/wp-content\/uploads\/2022\/02\/248050ade50d39608.jpg\",\"datePublished\":\"2020-11-29T22:27:14+00:00\",\"dateModified\":\"2022-02-08T13:12:16+00:00\",\"breadcrumb\":{\"@id\":\"https:\/\/www.toptuning.at\/?page_id=60#breadcrumb\"},\"inLanguage\":\"de\",\"potentialAction\":[{\"@type\":\"ReadAction\",\"target\":[\"https:\/\/www.toptuning.at\/?page_id=60\"]}]},{\"@type\":\"ImageObject\",\"inLanguage\":\"de\",\"@id\":\"https:\/\/www.toptuning.at\/?page_id=60#primaryimage\",\"url\":\"http:\/\/www.toptuning.at\/wordpress\/wp-content\/uploads\/2022\/02\/248050ade50d39608.jpg\",\"contentUrl\":\"http:\/\/www.toptuning.at\/wordpress\/wp-content\/uploads\/2022\/02\/248050ade50d39608.jpg\"},{\"@type\":\"BreadcrumbList\",\"@id\":\"https:\/\/www.toptuning.at\/?page_id=60#breadcrumb\",\"itemListElement\":[{\"@type\":\"ListItem\",\"position\":1,\"name\":\"Startseite\",\"item\":\"https:\/\/www.toptuning.at\/\"},{\"@type\":\"ListItem\",\"position\":2,\"name\":\"Performance\"}]},{\"@type\":\"WebSite\",\"@id\":\"https:\/\/www.toptuning.at\/#website\",\"url\":\"https:\/\/www.toptuning.at\/\",\"name\":\"TopTuning.at\",\"description\":\"Chiptuning und Produktion von Tuning-Teilen\",\"publisher\":{\"@id\":\"https:\/\/www.toptuning.at\/#organization\"},\"potentialAction\":[{\"@type\":\"SearchAction\",\"target\":{\"@type\":\"EntryPoint\",\"urlTemplate\":\"https:\/\/www.toptuning.at\/?s={search_term_string}\"},\"query-input\":{\"@type\":\"PropertyValueSpecification\",\"valueRequired\":true,\"valueName\":\"search_term_string\"}}],\"inLanguage\":\"de\"},{\"@type\":\"Organization\",\"@id\":\"https:\/\/www.toptuning.at\/#organization\",\"name\":\"TopTuning\",\"url\":\"https:\/\/www.toptuning.at\/\",\"logo\":{\"@type\":\"ImageObject\",\"inLanguage\":\"de\",\"@id\":\"https:\/\/www.toptuning.at\/#\/schema\/logo\/image\/\",\"url\":\"https:\/\/www.toptuning.at\/wp-content\/uploads\/2021\/09\/cropped-output-onlinepngtools.png\",\"contentUrl\":\"https:\/\/www.toptuning.at\/wp-content\/uploads\/2021\/09\/cropped-output-onlinepngtools.png\",\"width\":772,\"height\":147,\"caption\":\"TopTuning\"},\"image\":{\"@id\":\"https:\/\/www.toptuning.at\/#\/schema\/logo\/image\/\"},\"sameAs\":[\"https:\/\/www.facebook.com\/toptuning1\",\"https:\/\/www.instagram.com\/toptuning.at\/\"]}]}<\/script>\n<!-- \/ Yoast SEO plugin. -->","yoast_head_json":{"title":"Performance - TopTuning","robots":{"index":"index","follow":"follow","max-snippet":"max-snippet:-1","max-image-preview":"max-image-preview:large","max-video-preview":"max-video-preview:-1"},"canonical":"https:\/\/www.toptuning.at\/?page_id=60","og_locale":"de_DE","og_type":"article","og_title":"Performance - TopTuning","og_description":"Performance\u00a0beginnt beim\u00a0Fahrwerk\u00a0und h\u00f6rt beim\u00a0Motor\u00a0auf\u00a0&#8211;\u00a0Bei uns erhalten Sie auf Wunsch das volle Programm:Gewindefahrwerke, Federn, Luftfahrwerke oder auch Competitionfahrwerke f\u00fcr die Rennstrecke &#8211; um nur einige der Ausf\u00fchrungen zu nennen. Durch unseren Zugang zum Partner KW Automotive, haben wir die M\u00f6glichkeit fahrwerkstechnisch das Beste aus Ihrem Fahrzeug raus zu holen.Unabh\u00e4ngig davon ob [&hellip;]","og_url":"https:\/\/www.toptuning.at\/?page_id=60","og_site_name":"TopTuning","article_publisher":"https:\/\/www.facebook.com\/toptuning1","article_modified_time":"2022-02-08T13:12:16+00:00","og_image":[{"url":"http:\/\/www.toptuning.at\/wordpress\/wp-content\/uploads\/2022\/02\/248050ade50d39608.jpg","type":"","width":"","height":""}],"twitter_card":"summary_large_image","twitter_misc":{"Gesch\u00e4tzte Lesezeit":"1\u00a0Minute"},"schema":{"@context":"https:\/\/schema.org","@graph":[{"@type":"WebPage","@id":"https:\/\/www.toptuning.at\/?page_id=60","url":"https:\/\/www.toptuning.at\/?page_id=60","name":"Performance - TopTuning","isPartOf":{"@id":"https:\/\/www.toptuning.at\/#website"},"primaryImageOfPage":{"@id":"https:\/\/www.toptuning.at\/?page_id=60#primaryimage"},"image":{"@id":"https:\/\/www.toptuning.at\/?page_id=60#primaryimage"},"thumbnailUrl":"http:\/\/www.toptuning.at\/wordpress\/wp-content\/uploads\/2022\/02\/248050ade50d39608.jpg","datePublished":"2020-11-29T22:27:14+00:00","dateModified":"2022-02-08T13:12:16+00:00","breadcrumb":{"@id":"https:\/\/www.toptuning.at\/?page_id=60#breadcrumb"},"inLanguage":"de","potentialAction":[{"@type":"ReadAction","target":["https:\/\/www.toptuning.at\/?page_id=60"]}]},{"@type":"ImageObject","inLanguage":"de","@id":"https:\/\/www.toptuning.at\/?page_id=60#primaryimage","url":"http:\/\/www.toptuning.at\/wordpress\/wp-content\/uploads\/2022\/02\/248050ade50d39608.jpg","contentUrl":"http:\/\/www.toptuning.at\/wordpress\/wp-content\/uploads\/2022\/02\/248050ade50d39608.jpg"},{"@type":"BreadcrumbList","@id":"https:\/\/www.toptuning.at\/?page_id=60#breadcrumb","itemListElement":[{"@type":"ListItem","position":1,"name":"Startseite","item":"https:\/\/www.toptuning.at\/"},{"@type":"ListItem","position":2,"name":"Performance"}]},{"@type":"WebSite","@id":"https:\/\/www.toptuning.at\/#website","url":"https:\/\/www.toptuning.at\/","name":"TopTuning.at","description":"Chiptuning und Produktion von Tuning-Teilen","publisher":{"@id":"https:\/\/www.toptuning.at\/#organization"},"potentialAction":[{"@type":"SearchAction","target":{"@type":"EntryPoint","urlTemplate":"https:\/\/www.toptuning.at\/?s={search_term_string}"},"query-input":{"@type":"PropertyValueSpecification","valueRequired":true,"valueName":"search_term_string"}}],"inLanguage":"de"},{"@type":"Organization","@id":"https:\/\/www.toptuning.at\/#organization","name":"TopTuning","url":"https:\/\/www.toptuning.at\/","logo":{"@type":"ImageObject","inLanguage":"de","@id":"https:\/\/www.toptuning.at\/#\/schema\/logo\/image\/","url":"https:\/\/www.toptuning.at\/wp-content\/uploads\/2021\/09\/cropped-output-onlinepngtools.png","contentUrl":"https:\/\/www.toptuning.at\/wp-content\/uploads\/2021\/09\/cropped-output-onlinepngtools.png","width":772,"height":147,"caption":"TopTuning"},"image":{"@id":"https:\/\/www.toptuning.at\/#\/schema\/logo\/image\/"},"sameAs":["https:\/\/www.facebook.com\/toptuning1","https:\/\/www.instagram.com\/toptuning.at\/"]}]}},"jetpack_sharing_enabled":true,"_links":{"self":[{"href":"https:\/\/www.toptuning.at\/index.php?rest_route=\/wp\/v2\/pages\/60","targetHints":{"allow":["GET"]}}],"collection":[{"href":"https:\/\/www.toptuning.at\/index.php?rest_route=\/wp\/v2\/pages"}],"about":[{"href":"https:\/\/www.toptuning.at\/index.php?rest_route=\/wp\/v2\/types\/page"}],"author":[{"embeddable":true,"href":"https:\/\/www.toptuning.at\/index.php?rest_route=\/wp\/v2\/users\/2"}],"replies":[{"embeddable":true,"href":"https:\/\/www.toptuning.at\/index.php?rest_route=%2Fwp%2Fv2%2Fcomments&post=60"}],"version-history":[{"count":37,"href":"https:\/\/www.toptuning.at\/index.php?rest_route=\/wp\/v2\/pages\/60\/revisions"}],"predecessor-version":[{"id":609,"href":"https:\/\/www.toptuning.at\/index.php?rest_route=\/wp\/v2\/pages\/60\/revisions\/609"}],"wp:attachment":[{"href":"https:\/\/www.toptuning.at\/index.php?rest_route=%2Fwp%2Fv2%2Fmedia&parent=60"}],"curies":[{"name":"wp","href":"https:\/\/api.w.org\/{rel}","templated":true}]}}