{"id":710,"date":"2022-02-08T16:27:05","date_gmt":"2022-02-08T15:27:05","guid":{"rendered":"https:\/\/www.toptuning.at\/wordpress\/?page_id=710"},"modified":"2022-02-08T16:27:11","modified_gmt":"2022-02-08T15:27:11","slug":"agb","status":"publish","type":"page","link":"https:\/\/www.toptuning.at\/?page_id=710","title":{"rendered":"AGB"},"content":{"rendered":"\t\t<div data-elementor-type=\"wp-page\" data-elementor-id=\"710\" class=\"elementor elementor-710\">\n\t\t\t\t\t\t\t\t\t<section class=\"elementor-section elementor-top-section elementor-element elementor-element-20406c59 elementor-section-boxed elementor-section-height-default elementor-section-height-default\" data-id=\"20406c59\" data-element_type=\"section\">\n\t\t\t\t\t\t<div class=\"elementor-container elementor-column-gap-default\">\n\t\t\t\t\t<div class=\"elementor-column elementor-col-100 elementor-top-column elementor-element elementor-element-789a1231\" data-id=\"789a1231\" data-element_type=\"column\">\n\t\t\t<div class=\"elementor-widget-wrap elementor-element-populated\">\n\t\t\t\t\t\t\t\t<div class=\"elementor-element elementor-element-36442ffd elementor-widget elementor-widget-text-editor\" data-id=\"36442ffd\" data-element_type=\"widget\" data-widget_type=\"text-editor.default\">\n\t\t\t\t<div class=\"elementor-widget-container\">\n\t\t\t\t\t\t\t<!-- wp:themeisle-blocks\/advanced-columns {\"id\":\"wp-block-themeisle-blocks-advanced-columns-a67c9041\",\"paddingType\":\"unlinked\",\"padding\":33,\"marginType\":\"linked\",\"marginTop\":32,\"verticalAlign\":\"center\"} -->\n<div class=\"wp-block-themeisle-blocks-advanced-columns has-undefined-columns has-desktop-undefined-layout has-tablet-equal-layout has-mobile-equal-layout has-default-gap has-vertical-center\" id=\"wp-block-themeisle-blocks-advanced-columns-a67c9041\"><div class=\"wp-block-themeisle-blocks-advanced-columns-overlay\"><\/div><div class=\"innerblocks-wrap\"><\/div><\/div>\n<!-- \/wp:themeisle-blocks\/advanced-columns -->\t\t\t\t\t\t<\/div>\n\t\t\t\t<\/div>\n\t\t\t\t\t<\/div>\n\t\t<\/div>\n\t\t\t\t\t\t\t<\/div>\n\t\t<\/section>\n\t\t\t\t<section class=\"elementor-section elementor-top-section elementor-element elementor-element-6200154 elementor-section-boxed elementor-section-height-default elementor-section-height-default\" data-id=\"6200154\" data-element_type=\"section\">\n\t\t\t\t\t\t<div class=\"elementor-container elementor-column-gap-default\">\n\t\t\t\t\t<div class=\"elementor-column elementor-col-100 elementor-top-column elementor-element elementor-element-03df0f0\" data-id=\"03df0f0\" data-element_type=\"column\">\n\t\t\t<div class=\"elementor-widget-wrap elementor-element-populated\">\n\t\t\t\t\t\t\t\t<div class=\"elementor-element elementor-element-9ea5b5f elementor-widget elementor-widget-text-editor\" data-id=\"9ea5b5f\" data-element_type=\"widget\" data-widget_type=\"text-editor.default\">\n\t\t\t\t<div class=\"elementor-widget-container\">\n\t\t\t\t\t\t\t<h1>Allgemeine Gesch\u00e4ftsbedingungen<\/h1>\n<h4>1. Geltung und Begriffsdefinition<\/h4>\n<p>Die folgenden Allgemeinen Gesch\u00e4ftsbedingungen gelten f\u00fcr alle<br \/>Gesch\u00e4ftsbeziehungen zwischen uns und dem Kunden in ihrer zum Zeitpunkt der<br \/>Bestellung g\u00fcltigen Fassung.<br \/>\u201eVerbraucher\u201c im Sinne dieser Gesch\u00e4ftsbedingungen ist jede nat\u00fcrliche Person, die<br \/>mit uns zu einem Zwecke in Gesch\u00e4ftsbeziehungen tritt, der \u00fcberwiegend weder ihrer<br \/>gewerblichen noch ihrer selbst\u00e4ndigen beruflichen T\u00e4tigkeit zugerechnet werden kann<br \/>(\u00a7 13 BGB).<br \/>\u201eUnternehmer\u201c im Sinne dieser Gesch\u00e4ftsbedingungen sind nat\u00fcrliche oder juristische<br \/>Personen oder rechtsf\u00e4hige Personengesellschaften, die mit uns in<br \/>Gesch\u00e4ftsbeziehungen treten und die in Aus\u00fcbung ihrer gewerblichen oder<br \/>selbstst\u00e4ndigen T\u00e4tigkeit handeln (\u00a7 14 BGB). Sofern Unternehmer nicht in Aus\u00fcbung<br \/>ihrer gewerblichen oder selbst\u00e4ndigen T\u00e4tigkeit handeln, kommen ihnen ebenfalls die<br \/>f\u00fcr Verbraucher bestimmten Rechte zugute. Sie gelten als Verbraucher im Sinne<br \/>dieser Gesch\u00e4ftsbedingungen.<br \/>\u201eKunden\u201c im Sinne dieser Gesch\u00e4ftsbedingungen sind sowohl Verbraucher als auch<br \/>Unternehmer.<br \/>Abweichende, entgegenstehende oder erg\u00e4nzende Allgemeine Gesch\u00e4ftsbedingungen<br \/>von Unternehmern werden, selbst in Kenntnis, nicht Vertragsbestandteil, es sei denn,<br \/>ihrer Geltung wird ausdr\u00fccklich schriftlich zugestimmt.<\/p>\n<h4><br \/>2. Zustandekommen eines Vertrages, Speicherung des Vertragstextes<\/h4>\n<p><br \/>Die folgenden Regelungen \u00fcber den Vertragsabschluss gelten f\u00fcr Bestellungen \u00fcber<br \/>unseren Internetshop.<br \/>Im Falle des Vertragsschlusses kommt der Vertrag mit Toptuning.at Inh. Stephan<br \/>Feldmann Porschestrasse 19\/22 1230 Wien zustande.<br \/>Die Pr\u00e4sentation der Waren in unserem Internetshop (nicht eBay) stellen kein rechtlich<br \/>bindendes Vertragsangebot unsererseits dar, sondern ist nur eine unverbindliche<br \/>Aufforderungen an den Kunden, Waren zu bestellen. Mit der Bestellung der<br \/>gew\u00fcnschten Ware gibt der Kunde ein f\u00fcr ihn verbindliches Angebot auf Abschluss<br \/>eines Kaufvertrages ab.<br \/>Bei Eingang einer Bestellung auf unserer Internetseite (nicht eBay) gelten folgende<br \/>Regelungen:<br \/>Der Kunde gibt ein bindendes Vertragsangebot ab, indem er die in unserem<br \/>Internetshop vorgesehene Bestellprozedur erfolgreich durchl\u00e4uft. Die Bestellung<br \/>erfolgt in folgenden Schritten:<br \/>1. Auswahl der gew\u00fcnschten Ware<br \/>2. Best\u00e4tigen durch Anklicken des Buttons \u201ein den Warenkorb\u201c (Symbol<br \/>Einkaufswagen\/Warenkorb)<br \/>3. Pr\u00fcfung der Angaben im Warenkorb<br \/>4. Bet\u00e4tigung des Buttons \u201ezur Kasse\u201c<br \/>5. Eingabe der Anmeldeangaben (Anschrift, Telefonnummer und E-Mail-Adresse)<br \/>6. Auswahl der Zahlungsart<br \/>7. Kenntnisnahme der AGB und Widerrufsbelehrung<br \/>8. Verbindliche Absendung der Bestellung durch Anklicken des \u201eKauf\u201c-Buttons<br \/>Der Kunde kann vor dem verbindlichen Absenden der Bestellung durch Bet\u00e4tigen der<br \/>in dem von ihm verwendeten Internet-Browser enthaltenen \u201eZur\u00fcck\u201c-Taste nach<br \/>Kontrolle seiner Angaben wieder zu der Internetseite gelangen, auf der die Angaben<br \/>des Kunden erfasst werden und Eingabefehler berichtigen bzw. durch Schlie\u00dfen des<br \/>Internetbrowsers den Bestellvorgang abbrechen. Wir best\u00e4tigen den Eingang der<br \/>Bestellung unmittelbar durch eine automatisch generierte E-Mail. Diese stellt noch<br \/>keine Annahme des Angebotes dar. Die Annahme des Angebots erfolgt schriftlich, in<br \/>Textform oder durch \u00dcbersendung der bestellten Ware.<br \/>Bei Bestellungen \u00fcber unsere Internetseite (nicht eBay) sind wir berechtigt, das in der<br \/>Bestellung liegende Vertragsangebot des Kunden schriftlich oder in Textform oder<br \/>durch \u00dcbersendung der bestellten Ware innerhalb von f\u00fcnf Tagen anzunehmen. Nach<br \/>fruchtlosem Ablauf der in Satz 1 genannten Frist gilt das Angebot als abgelehnt.<br \/>Speicherung des Vertragstextes bei Bestellungen \u00fcber unseren Internetshop (nicht<br \/>eBay): Wir speichern den Vertragstext und senden Ihnen die Bestelldaten und unsere<br \/>AGB per E-Mail zu. Die AGB k\u00f6nnen Sie jederzeit auch unter www.kwshop.de<br \/>einsehen. Ihre Bestelldaten sind aus Sicherheitsgr\u00fcnden nicht mehr \u00fcber das Internet<br \/>zug\u00e4nglich.<\/p>\n<h4><br \/>3. Preise, Versandkosten, Zahlung, F\u00e4lligkeit<\/h4>\n<p><br \/>Die angegebenen Preise enthalten die gesetzliche Umsatzsteuer und sonstige<br \/>Preisbestandteile. Hinzu kommen etwaige Versandkosten und ggf. die Kosten der<br \/>Nachnahme.<br \/>Der Kunde hat die M\u00f6glichkeit der Zahlung per Vorkasse (\u00dcberweisung), per PayPal,<br \/>Nachnahme oder per Barzahlung vor Ort. Die Zahlung per Nachnahme ist nur bei<br \/>Versand innerhalb \u00d6sterreich m\u00f6glich. Zur Absicherung des Kreditrisikos behalten<br \/>wir uns vor, die erbetene Bestellung nur gegen Vorauskasse durchzuf\u00fchren.<br \/>Hat der Kunde die Zahlung per Vorkasse oder PayPal gew\u00e4hlt, so verpflichtet er sich<br \/>den Kaufpreis unverz\u00fcglich nach Vertragsschluss zu zahlen. Soweit wir per<br \/>Nachnahme liefern, tritt die F\u00e4lligkeit der Kaufpreisforderung mit Erhalt der Ware ein.<br \/>Der Unternehmer hat w\u00e4hrend des Verzugs die Geldschuld in H\u00f6he von 8% \u00fcber dem<br \/>Basiszinssatz zu verzinsen. Gegen\u00fcber dem Unternehmer behalten wir uns das Recht<br \/>vor, einen h\u00f6heren Zinssatz aus einem anderen Rechtsgrund nachzuweisen und<br \/>geltend zu machen.<br \/>Der Unternehmer hat ein Recht zur Aufrechnung nur, wenn seine Gegenanspr\u00fcche<br \/>unbestritten oder rechtskr\u00e4ftig festgestellt sind. Hiervon unber\u00fchrt bleiben etwaige<br \/>Gew\u00e4hrleistungsanspr\u00fcche des Unternehmers.<\/p>\n<h4><br \/>4. Lieferung<\/h4>\n<p><br \/>Sofern wir dies in der Produktbeschreibung nicht deutlich anders angegeben haben,<br \/>sind alle von uns angebotenen Artikel sofort versandfertig und werden ab<br \/>Vertragsschluss innerhalb von 5 Werktagen geliefert.<br \/>Hat der Kunde die Zahlung per Vorkasse oder PayPal gew\u00e4hlt, so versenden wir die<br \/>Ware nicht vor Zahlungseingang.<br \/>Ist der K\u00e4ufer Verbraucher, geht die Gefahr des zuf\u00e4lligen Untergangs und der<br \/>zuf\u00e4lligen Verschlechterung der verkauften Sache auch beim Versendungskauf erst<br \/>mit der \u00dcbergabe der Sache an den K\u00e4ufer auf diesen \u00fcber.<br \/>Ist der K\u00e4ufer Unternehmer geht das Risiko und die Gefahr der Versendung \u00fcber,<br \/>sobald die Ware von uns an den beauftragten Logistikkooperationspartner \u00fcbergeben<br \/>worden ist.<br \/>Ist der Kunde Unternehmer, so behalten wir uns das Recht f\u00fcr den Fall, dass wir eine<br \/>Lieferfrist aus Gr\u00fcnden, die wir nicht zu vertreten haben, nicht einhalten k\u00f6nnen, vor,<br \/>nach unverz\u00fcglicher Information des Kunden eine neue angemessene Lieferfrist zu<br \/>bestimmen. Ist der bestellte Artikel auch innerhalb dieser neuen Lieferfrist nicht<br \/>verf\u00fcgbar, sind wir bei Unternehmern berechtigt, vom Vertrag zur\u00fcckzutreten. Eine<br \/>bereits erbrachte Gegenleistung werden wir unverz\u00fcglich erstatten.<\/p>\n<h4><br \/>5. Eigentumsvorbehalt<\/h4>\n<p><br \/>Ist der Kunde Verbraucher, so behalten wir uns das Eigentum an der Ware bis zur<br \/>vollst\u00e4ndigen Bezahlung des Kaufpreises vor.<br \/>Ist der Kunde Unternehmer, so behalten wir uns das Eigentum an der Ware bis zur<br \/>vollst\u00e4ndigen Begleichung aller Forderungen aus einer laufenden Gesch\u00e4ftsbeziehung<br \/>vor. Wenn der Wert der Vorbehaltsware die zu sichernden Forderungen aus der<br \/>laufenden Gesch\u00e4ftsbeziehung um 10 % \u00fcbersteigt, sind wir insoweit zur Freigabe der<br \/>Vorbehaltsware verpflichtet.<br \/>Ist der Kunde Unternehmer, so ist dieser berechtigt, die Ware im ordentlichen<br \/>Gesch\u00e4ftsgang weiter zu ver\u00e4u\u00dfern. Er tritt uns bereits jetzt alle Forderungen in H\u00f6he<br \/>des Rechnungsbetrags ab, die ihm durch die Weiterver\u00e4u\u00dferung gegen einen Dritten<br \/>erwachsen. Wir nehmen die Abtretung an. Nach der Abtretung ist der Unternehmer<br \/>zur Einziehung der Forderung erm\u00e4chtigt. Wir behalten uns vor, die Forderung selbst<br \/>einzuziehen, sobald der Unternehmer seinen Zahlungsverpflichtungen nicht<br \/>ordnungsgem\u00e4\u00df nachkommt und in Zahlungsverzug ger\u00e4t. Die Be- und Verarbeitung<br \/>der Ware durch den Unternehmer erfolgt stets im Namen und Auftrag f\u00fcr uns. Erfolgte<br \/>eine Verarbeitung der Ware durch den Unternehmer, so erwerben wir an der neuen<br \/>Sache das Miteigentum im Verh\u00e4ltnis zum Wert der von uns gelieferten Ware.<br \/>Dasselbe gilt, wenn die Ware von Unternehmern mit anderen, uns nicht geh\u00f6renden<br \/>Gegenst\u00e4nden verarbeitet oder vermischt wird.<\/p>\n<h4><br \/>6. Gew\u00e4hrleistung<\/h4>\n<p><br \/>Bei Verbrauchern gelten die gesetzlichen Gew\u00e4hrleistungsvorschriften.<br \/>Schadensersatzanspr\u00fcche wegen der Verletzung von Leben, K\u00f6rper oder Gesundheit<br \/>oder aufgrund des Produkthaftungsgesetzes bleiben unber\u00fchrt. Gleiches gilt f\u00fcr<br \/>Pflichtverletzungen unserer Erf\u00fcllungsgehilfen.<br \/>Bei Unternehmern verj\u00e4hren Gew\u00e4hrleistungsanspr\u00fcche, die nicht auf Schadensersatz<br \/>gerichtet sind, in einem Jahr ab Ablieferung der Ware. Die gesetzlichen<br \/>Verj\u00e4hrungsfristen f\u00fcr R\u00fcckgriffanspr\u00fcche des Unternehmers nach \u00a7 478 BGB bleiben<br \/>hiervon unber\u00fchrt.<\/p>\n<h4><br \/>7. Haftungsbeschr\u00e4nkung<\/h4>\n<p><br \/>Wir schlie\u00dfen die Haftung f\u00fcr Sch\u00e4den, die durch einfache Fahrl\u00e4ssigkeit verursacht<br \/>worden sind, aus, sofern diese nicht aus der Verletzung vertragswesentlicher Pflichten,<br \/>deren Erf\u00fcllung die ordnungsgem\u00e4\u00dfe Durchf\u00fchrung des Vertrags \u00fcberhaupt erst<br \/>erm\u00f6glicht und auf deren Einhaltung der Vertragspartner regelm\u00e4\u00dfig vertrauen darf,<br \/>resultieren, Garantien f\u00fcr die Beschaffenheit des Kaufgegenstandes betreffen oder<br \/>Sch\u00e4den aus der Verletzung des Lebens, des K\u00f6rpers oder der Gesundheit oder<br \/>Anspr\u00fcche nach dem Produkthaftungsgesetz betreffen. Gleiches gilt f\u00fcr<br \/>Pflichtverletzungen unserer Erf\u00fcllungsgehilfen. Bei der Verletzung von<br \/>vertragswesentlichen Pflichten ist die Haftung in F\u00e4llen einfacher Fahrl\u00e4ssigkeit auf<br \/>die Sch\u00e4den beschr\u00e4nkt, die in typischer Weise mit dem Vertrag verbunden und<br \/>vorhersehbar sind.<\/p>\n<h4><br \/>8. Vertragliche Regelung bez\u00fcglich der R\u00fccksendekosten bei Widerruf<\/h4>\n<p><br \/>Sollten Sie von Ihrem Widerrufsrecht Gebrauch machen, so haben Sie die<br \/>unmittelbaren Kosten der R\u00fccksendung zu tragen, unabh\u00e4ngig vom Preis der<br \/>zur\u00fcckzusendenden Sache.<\/p>\n<h4><br \/>9. Vertragssprache, Rechtswahl &amp; Gerichtsstand<\/h4>\n<p><br \/>Als Vertragssprache steht ausschlie\u00dflich Deutsch zur Verf\u00fcgung.<br \/>Es gilt das Recht von \u00d6sterreich unter Ausschluss des UN-Kaufrechts. Bei<br \/>Verbrauchern, die den Vertrag nicht zu beruflichen oder gewerblichen Zwecken<br \/>abschlie\u00dfen, gilt diese Rechtswahl nur insoweit, als nicht der gew\u00e4hrte Schutz durch<br \/>zwingende Bestimmungen des Rechts des Staates, indem der Verbraucher seinen<br \/>gew\u00f6hnlichen Aufenthalt hat, entzogen wird.<br \/>Ist der Kunde Kaufmann, juristische Person des \u00f6ffentlichen Rechts oder \u00f6ffentlichrechtliches Sonderverm\u00f6gen, ist ausschlie\u00dflicher Gerichtsstand f\u00fcr alle Streitigkeiten<br \/>aus diesem Vertrag das jeweilig zust\u00e4ndige Gericht an unserem Gesch\u00e4ftssitz.<\/p>\n<h4><br \/>10. Kundendienst<\/h4>\n<p><br \/>Unser Kundendienst f\u00fcr Fragen, Reklamation und Beanstandung steht Ihnen werktags<br \/>von 09:00 Uhr bis 17:00 Uhr wie folgt zur Verf\u00fcgung:<br \/>E-Mail: office@toptuning.at<br \/>Facebook: Toptuning.at<\/p>\n<h4><br \/>11. Streitbeilegungsverfahren<\/h4>\n<p><br \/>Wir nehmen nicht an einem Streitbeilegungsverfahren vor einer<br \/>Verbraucherschlichtungsstelle teil.<br \/>http:\/\/ec.europa.eu\/consumers\/odr\/<br \/>TopTuning.at<br \/>Inh. Stephan Feldmann<br \/>Porschestrasse 19\/22<br \/>1230 Wien<\/p>\t\t\t\t\t\t<\/div>\n\t\t\t\t<\/div>\n\t\t\t\t\t<\/div>\n\t\t<\/div>\n\t\t\t\t\t\t\t<\/div>\n\t\t<\/section>\n\t\t\t\t\t\t\t<\/div>\n\t\t","protected":false},"excerpt":{"rendered":"<p>Allgemeine Gesch\u00e4ftsbedingungen 1. Geltung und Begriffsdefinition Die folgenden Allgemeinen Gesch\u00e4ftsbedingungen gelten f\u00fcr alleGesch\u00e4ftsbeziehungen zwischen uns und dem Kunden in ihrer zum Zeitpunkt derBestellung g\u00fcltigen Fassung.\u201eVerbraucher\u201c im Sinne dieser Gesch\u00e4ftsbedingungen ist jede nat\u00fcrliche Person, diemit uns zu einem Zwecke in Gesch\u00e4ftsbeziehungen tritt, der \u00fcberwiegend weder ihrergewerblichen noch ihrer selbst\u00e4ndigen beruflichen T\u00e4tigkeit [&hellip;]<\/p>\n","protected":false},"author":2,"featured_media":0,"parent":0,"menu_order":0,"comment_status":"closed","ping_status":"closed","template":"page-templates\/template-fullwidth.php","meta":{"footnotes":""},"class_list":["post-710","page","type-page","status-publish","hentry"],"yoast_head":"<!-- This site is optimized with the Yoast SEO plugin v24.3 - https:\/\/yoast.com\/wordpress\/plugins\/seo\/ -->\n<title>AGB - TopTuning<\/title>\n<meta name=\"robots\" content=\"index, follow, max-snippet:-1, max-image-preview:large, max-video-preview:-1\" \/>\n<link rel=\"canonical\" href=\"https:\/\/www.toptuning.at\/?page_id=710\" \/>\n<meta property=\"og:locale\" content=\"de_DE\" \/>\n<meta property=\"og:type\" content=\"article\" \/>\n<meta property=\"og:title\" content=\"AGB - TopTuning\" \/>\n<meta property=\"og:description\" content=\"Allgemeine Gesch\u00e4ftsbedingungen 1. Geltung und Begriffsdefinition Die folgenden Allgemeinen Gesch\u00e4ftsbedingungen gelten f\u00fcr alleGesch\u00e4ftsbeziehungen zwischen uns und dem Kunden in ihrer zum Zeitpunkt derBestellung g\u00fcltigen Fassung.\u201eVerbraucher\u201c im Sinne dieser Gesch\u00e4ftsbedingungen ist jede nat\u00fcrliche Person, diemit uns zu einem Zwecke in Gesch\u00e4ftsbeziehungen tritt, der \u00fcberwiegend weder ihrergewerblichen noch ihrer selbst\u00e4ndigen beruflichen T\u00e4tigkeit [&hellip;]\" \/>\n<meta property=\"og:url\" content=\"https:\/\/www.toptuning.at\/?page_id=710\" \/>\n<meta property=\"og:site_name\" content=\"TopTuning\" \/>\n<meta property=\"article:publisher\" content=\"https:\/\/www.facebook.com\/toptuning1\" \/>\n<meta property=\"article:modified_time\" content=\"2022-02-08T15:27:11+00:00\" \/>\n<meta name=\"twitter:card\" content=\"summary_large_image\" \/>\n<meta name=\"twitter:label1\" content=\"Gesch\u00e4tzte Lesezeit\" \/>\n\t<meta name=\"twitter:data1\" content=\"7\u00a0Minuten\" \/>\n<script type=\"application\/ld+json\" class=\"yoast-schema-graph\">{\"@context\":\"https:\/\/schema.org\",\"@graph\":[{\"@type\":\"WebPage\",\"@id\":\"https:\/\/www.toptuning.at\/?page_id=710\",\"url\":\"https:\/\/www.toptuning.at\/?page_id=710\",\"name\":\"AGB - TopTuning\",\"isPartOf\":{\"@id\":\"https:\/\/www.toptuning.at\/#website\"},\"datePublished\":\"2022-02-08T15:27:05+00:00\",\"dateModified\":\"2022-02-08T15:27:11+00:00\",\"breadcrumb\":{\"@id\":\"https:\/\/www.toptuning.at\/?page_id=710#breadcrumb\"},\"inLanguage\":\"de\",\"potentialAction\":[{\"@type\":\"ReadAction\",\"target\":[\"https:\/\/www.toptuning.at\/?page_id=710\"]}]},{\"@type\":\"BreadcrumbList\",\"@id\":\"https:\/\/www.toptuning.at\/?page_id=710#breadcrumb\",\"itemListElement\":[{\"@type\":\"ListItem\",\"position\":1,\"name\":\"Startseite\",\"item\":\"https:\/\/www.toptuning.at\/\"},{\"@type\":\"ListItem\",\"position\":2,\"name\":\"AGB\"}]},{\"@type\":\"WebSite\",\"@id\":\"https:\/\/www.toptuning.at\/#website\",\"url\":\"https:\/\/www.toptuning.at\/\",\"name\":\"TopTuning.at\",\"description\":\"Chiptuning und Produktion von Tuning-Teilen\",\"publisher\":{\"@id\":\"https:\/\/www.toptuning.at\/#organization\"},\"potentialAction\":[{\"@type\":\"SearchAction\",\"target\":{\"@type\":\"EntryPoint\",\"urlTemplate\":\"https:\/\/www.toptuning.at\/?s={search_term_string}\"},\"query-input\":{\"@type\":\"PropertyValueSpecification\",\"valueRequired\":true,\"valueName\":\"search_term_string\"}}],\"inLanguage\":\"de\"},{\"@type\":\"Organization\",\"@id\":\"https:\/\/www.toptuning.at\/#organization\",\"name\":\"TopTuning\",\"url\":\"https:\/\/www.toptuning.at\/\",\"logo\":{\"@type\":\"ImageObject\",\"inLanguage\":\"de\",\"@id\":\"https:\/\/www.toptuning.at\/#\/schema\/logo\/image\/\",\"url\":\"https:\/\/www.toptuning.at\/wp-content\/uploads\/2021\/09\/cropped-output-onlinepngtools.png\",\"contentUrl\":\"https:\/\/www.toptuning.at\/wp-content\/uploads\/2021\/09\/cropped-output-onlinepngtools.png\",\"width\":772,\"height\":147,\"caption\":\"TopTuning\"},\"image\":{\"@id\":\"https:\/\/www.toptuning.at\/#\/schema\/logo\/image\/\"},\"sameAs\":[\"https:\/\/www.facebook.com\/toptuning1\",\"https:\/\/www.instagram.com\/toptuning.at\/\"]}]}<\/script>\n<!-- \/ Yoast SEO plugin. -->","yoast_head_json":{"title":"AGB - TopTuning","robots":{"index":"index","follow":"follow","max-snippet":"max-snippet:-1","max-image-preview":"max-image-preview:large","max-video-preview":"max-video-preview:-1"},"canonical":"https:\/\/www.toptuning.at\/?page_id=710","og_locale":"de_DE","og_type":"article","og_title":"AGB - TopTuning","og_description":"Allgemeine Gesch\u00e4ftsbedingungen 1. Geltung und Begriffsdefinition Die folgenden Allgemeinen Gesch\u00e4ftsbedingungen gelten f\u00fcr alleGesch\u00e4ftsbeziehungen zwischen uns und dem Kunden in ihrer zum Zeitpunkt derBestellung g\u00fcltigen Fassung.\u201eVerbraucher\u201c im Sinne dieser Gesch\u00e4ftsbedingungen ist jede nat\u00fcrliche Person, diemit uns zu einem Zwecke in Gesch\u00e4ftsbeziehungen tritt, der \u00fcberwiegend weder ihrergewerblichen noch ihrer selbst\u00e4ndigen beruflichen T\u00e4tigkeit [&hellip;]","og_url":"https:\/\/www.toptuning.at\/?page_id=710","og_site_name":"TopTuning","article_publisher":"https:\/\/www.facebook.com\/toptuning1","article_modified_time":"2022-02-08T15:27:11+00:00","twitter_card":"summary_large_image","twitter_misc":{"Gesch\u00e4tzte Lesezeit":"7\u00a0Minuten"},"schema":{"@context":"https:\/\/schema.org","@graph":[{"@type":"WebPage","@id":"https:\/\/www.toptuning.at\/?page_id=710","url":"https:\/\/www.toptuning.at\/?page_id=710","name":"AGB - TopTuning","isPartOf":{"@id":"https:\/\/www.toptuning.at\/#website"},"datePublished":"2022-02-08T15:27:05+00:00","dateModified":"2022-02-08T15:27:11+00:00","breadcrumb":{"@id":"https:\/\/www.toptuning.at\/?page_id=710#breadcrumb"},"inLanguage":"de","potentialAction":[{"@type":"ReadAction","target":["https:\/\/www.toptuning.at\/?page_id=710"]}]},{"@type":"BreadcrumbList","@id":"https:\/\/www.toptuning.at\/?page_id=710#breadcrumb","itemListElement":[{"@type":"ListItem","position":1,"name":"Startseite","item":"https:\/\/www.toptuning.at\/"},{"@type":"ListItem","position":2,"name":"AGB"}]},{"@type":"WebSite","@id":"https:\/\/www.toptuning.at\/#website","url":"https:\/\/www.toptuning.at\/","name":"TopTuning.at","description":"Chiptuning und Produktion von Tuning-Teilen","publisher":{"@id":"https:\/\/www.toptuning.at\/#organization"},"potentialAction":[{"@type":"SearchAction","target":{"@type":"EntryPoint","urlTemplate":"https:\/\/www.toptuning.at\/?s={search_term_string}"},"query-input":{"@type":"PropertyValueSpecification","valueRequired":true,"valueName":"search_term_string"}}],"inLanguage":"de"},{"@type":"Organization","@id":"https:\/\/www.toptuning.at\/#organization","name":"TopTuning","url":"https:\/\/www.toptuning.at\/","logo":{"@type":"ImageObject","inLanguage":"de","@id":"https:\/\/www.toptuning.at\/#\/schema\/logo\/image\/","url":"https:\/\/www.toptuning.at\/wp-content\/uploads\/2021\/09\/cropped-output-onlinepngtools.png","contentUrl":"https:\/\/www.toptuning.at\/wp-content\/uploads\/2021\/09\/cropped-output-onlinepngtools.png","width":772,"height":147,"caption":"TopTuning"},"image":{"@id":"https:\/\/www.toptuning.at\/#\/schema\/logo\/image\/"},"sameAs":["https:\/\/www.facebook.com\/toptuning1","https:\/\/www.instagram.com\/toptuning.at\/"]}]}},"jetpack_sharing_enabled":true,"_links":{"self":[{"href":"https:\/\/www.toptuning.at\/index.php?rest_route=\/wp\/v2\/pages\/710","targetHints":{"allow":["GET"]}}],"collection":[{"href":"https:\/\/www.toptuning.at\/index.php?rest_route=\/wp\/v2\/pages"}],"about":[{"href":"https:\/\/www.toptuning.at\/index.php?rest_route=\/wp\/v2\/types\/page"}],"author":[{"embeddable":true,"href":"https:\/\/www.toptuning.at\/index.php?rest_route=\/wp\/v2\/users\/2"}],"replies":[{"embeddable":true,"href":"https:\/\/www.toptuning.at\/index.php?rest_route=%2Fwp%2Fv2%2Fcomments&post=710"}],"version-history":[{"count":5,"href":"https:\/\/www.toptuning.at\/index.php?rest_route=\/wp\/v2\/pages\/710\/revisions"}],"predecessor-version":[{"id":715,"href":"https:\/\/www.toptuning.at\/index.php?rest_route=\/wp\/v2\/pages\/710\/revisions\/715"}],"wp:attachment":[{"href":"https:\/\/www.toptuning.at\/index.php?rest_route=%2Fwp%2Fv2%2Fmedia&parent=710"}],"curies":[{"name":"wp","href":"https:\/\/api.w.org\/{rel}","templated":true}]}}